{"id":838,"date":"2026-04-30T20:04:05","date_gmt":"2026-04-30T20:04:05","guid":{"rendered":"https:\/\/banderillaver.com\/?page_id=838"},"modified":"2026-05-05T15:39:34","modified_gmt":"2026-05-05T15:39:34","slug":"noticias","status":"publish","type":"page","link":"https:\/\/banderillaver.com\/index.php\/noticias\/","title":{"rendered":"Noticias"},"content":{"rendered":"\t\t<div data-elementor-type=\"wp-page\" data-elementor-id=\"838\" class=\"elementor elementor-838\">\n\t\t\t\t<div class=\"elementor-element elementor-element-d1bdadb e-flex e-con-boxed e-con e-parent\" data-id=\"d1bdadb\" data-element_type=\"container\" data-e-type=\"container\" data-settings=\"{&quot;background_background&quot;:&quot;classic&quot;}\">\n\t\t\t\t\t<div class=\"e-con-inner\">\n\t\t<div class=\"elementor-element elementor-element-883edf5 e-con-full e-flex e-con e-child\" data-id=\"883edf5\" data-element_type=\"container\" data-e-type=\"container\">\n\t\t\t\t<div class=\"elementor-element elementor-element-aa50f21 elementor-widget elementor-widget-heading\" data-id=\"aa50f21\" data-element_type=\"widget\" data-e-type=\"widget\" data-widget_type=\"heading.default\">\n\t\t\t\t\t<h2 class=\"elementor-heading-title elementor-size-default\">Noticias<\/h2>\t\t\t\t<\/div>\n\t\t\t\t<div class=\"elementor-element elementor-element-491194f elementor-widget elementor-widget-text-editor\" data-id=\"491194f\" data-element_type=\"widget\" data-e-type=\"widget\" data-widget_type=\"text-editor.default\">\n\t\t\t\t\t\t\t\t\t<p>Consulta las \u00faltimas noticias, avisos y actividades del Ayuntamiento.<\/p>\t\t\t\t\t\t\t\t<\/div>\n\t\t\t\t<div class=\"elementor-element elementor-element-22e4f87 elementor-grid-eael-col-3 elementor-grid-tablet-eael-col-2 elementor-grid-mobile-eael-col-1 elementor-widget elementor-widget-eael-post-grid\" data-id=\"22e4f87\" data-element_type=\"widget\" data-e-type=\"widget\" data-settings=\"{&quot;eael_post_grid_columns&quot;:&quot;eael-col-3&quot;,&quot;eael_post_grid_columns_tablet&quot;:&quot;eael-col-2&quot;,&quot;eael_post_grid_columns_mobile&quot;:&quot;eael-col-1&quot;}\" data-widget_type=\"eael-post-grid.default\">\n\t\t\t\t\t<div id=\"eael-post-grid-22e4f87\" class=\"eael-post-grid-container\">\n            <div class=\"eael-post-grid eael-post-appender eael-post-appender-22e4f87 eael-post-grid-style-two\" data-layout-mode=\"grid\"><article class=\"eael-grid-post  eael-post-grid-column eael-pg-post-868 category-noticias\" data-id=\"868\">\n    <div class=\"eael-grid-post-holder\">\n        <div class=\"eael-grid-post-holder-inner\"><div class=\"eael-entry-wrapper\"><header class=\"eael-entry-header\"><h2 class=\"eael-entry-title\"><a class=\"eael-grid-post-link\" href=\"https:\/\/banderillaver.com\/index.php\/2026\/04\/30\/noticias-6\/\" title=\"Noticias 6\"target=\"_blank\">Noticias 6<\/a><\/h2><\/header><div class=\"eael-entry-content\">\n                                <div class=\"eael-grid-post-excerpt\"><p>Difusi\u00f3n del Premio Nacional de Contralor\u00eda Social 2026 En seguimiento...<\/p><a href=\"https:\/\/banderillaver.com\/index.php\/2026\/04\/30\/noticias-6\/\" class=\"eael-post-elements-readmore-btn\"target=\"_blank\">Leer m\u00e1s<\/a><\/div>\n                            <\/div><div class=\"eael-entry-header-after style-two\"><div class=\"eael-entry-meta\"><\/div><\/div><\/div><\/div>\n    <\/div>\n<\/article><article class=\"eael-grid-post  eael-post-grid-column eael-pg-post-866 category-noticias\" data-id=\"866\">\n    <div class=\"eael-grid-post-holder\">\n        <div class=\"eael-grid-post-holder-inner\"><div class=\"eael-entry-wrapper\"><header class=\"eael-entry-header\"><h2 class=\"eael-entry-title\"><a class=\"eael-grid-post-link\" href=\"https:\/\/banderillaver.com\/index.php\/2026\/04\/30\/noticias-5\/\" title=\"Noticias 5\"target=\"_blank\">Noticias 5<\/a><\/h2><\/header><div class=\"eael-entry-content\">\n                                <div class=\"eael-grid-post-excerpt\"><p>El H. Ayuntamiento de Banderilla particip\u00f3 en la \u201cReuni\u00f3n para...<\/p><a href=\"https:\/\/banderillaver.com\/index.php\/2026\/04\/30\/noticias-5\/\" class=\"eael-post-elements-readmore-btn\"target=\"_blank\">Leer m\u00e1s<\/a><\/div>\n                            <\/div><div class=\"eael-entry-header-after style-two\"><div class=\"eael-entry-meta\"><\/div><\/div><\/div><\/div>\n    <\/div>\n<\/article><article class=\"eael-grid-post  eael-post-grid-column eael-pg-post-864 category-noticias\" data-id=\"864\">\n    <div class=\"eael-grid-post-holder\">\n        <div class=\"eael-grid-post-holder-inner\"><div class=\"eael-entry-wrapper\"><header class=\"eael-entry-header\"><h2 class=\"eael-entry-title\"><a class=\"eael-grid-post-link\" href=\"https:\/\/banderillaver.com\/index.php\/2026\/04\/30\/noticias-4\/\" title=\"Noticias 4\"target=\"_blank\">Noticias 4<\/a><\/h2><\/header><div class=\"eael-entry-content\">\n                                <div class=\"eael-grid-post-excerpt\"><p>Anuncia alcalde de banderilla impulso de la expresi\u00f3n oral en...<\/p><a href=\"https:\/\/banderillaver.com\/index.php\/2026\/04\/30\/noticias-4\/\" class=\"eael-post-elements-readmore-btn\"target=\"_blank\">Leer m\u00e1s<\/a><\/div>\n                            <\/div><div class=\"eael-entry-header-after style-two\"><div class=\"eael-entry-meta\"><\/div><\/div><\/div><\/div>\n    <\/div>\n<\/article><article class=\"eael-grid-post  eael-post-grid-column eael-pg-post-862 category-noticias\" data-id=\"862\">\n    <div class=\"eael-grid-post-holder\">\n        <div class=\"eael-grid-post-holder-inner\"><div class=\"eael-entry-wrapper\"><header class=\"eael-entry-header\"><h2 class=\"eael-entry-title\"><a class=\"eael-grid-post-link\" href=\"https:\/\/banderillaver.com\/index.php\/2026\/04\/30\/noticias-3\/\" title=\"Noticias 3\"target=\"_blank\">Noticias 3<\/a><\/h2><\/header><div class=\"eael-entry-content\">\n                                <div class=\"eael-grid-post-excerpt\"><p>Convocatoria del XXI Concurso Nacional de Transparencia en Corto 2026...<\/p><a href=\"https:\/\/banderillaver.com\/index.php\/2026\/04\/30\/noticias-3\/\" class=\"eael-post-elements-readmore-btn\"target=\"_blank\">Leer m\u00e1s<\/a><\/div>\n                            <\/div><div class=\"eael-entry-header-after style-two\"><div class=\"eael-entry-meta\"><\/div><\/div><\/div><\/div>\n    <\/div>\n<\/article><article class=\"eael-grid-post  eael-post-grid-column eael-pg-post-860 category-noticias\" data-id=\"860\">\n    <div class=\"eael-grid-post-holder\">\n        <div class=\"eael-grid-post-holder-inner\"><div class=\"eael-entry-wrapper\"><header class=\"eael-entry-header\"><h2 class=\"eael-entry-title\"><a class=\"eael-grid-post-link\" href=\"https:\/\/banderillaver.com\/index.php\/2026\/04\/30\/noticias-2\/\" title=\"Noticias 2\"target=\"_blank\">Noticias 2<\/a><\/h2><\/header><div class=\"eael-entry-content\">\n                                <div class=\"eael-grid-post-excerpt\"><p>Lanza Banderilla campa\u00f1a de descacharrizaci\u00f3n para combatir criaderos del mosco...<\/p><a href=\"https:\/\/banderillaver.com\/index.php\/2026\/04\/30\/noticias-2\/\" class=\"eael-post-elements-readmore-btn\"target=\"_blank\">Leer m\u00e1s<\/a><\/div>\n                            <\/div><div class=\"eael-entry-header-after style-two\"><div class=\"eael-entry-meta\"><\/div><\/div><\/div><\/div>\n    <\/div>\n<\/article><article class=\"eael-grid-post  eael-post-grid-column eael-pg-post-851 category-noticias\" data-id=\"851\">\n    <div class=\"eael-grid-post-holder\">\n        <div class=\"eael-grid-post-holder-inner\"><div class=\"eael-entry-wrapper\"><header class=\"eael-entry-header\"><h2 class=\"eael-entry-title\"><a class=\"eael-grid-post-link\" href=\"https:\/\/banderillaver.com\/index.php\/2026\/04\/30\/noticias\/\" title=\"Noticias\"target=\"_blank\">Noticias<\/a><\/h2><\/header><div class=\"eael-entry-content\">\n                                <div class=\"eael-grid-post-excerpt\"><p>Banderilla buscar\u00e1 ser un municipio inteligente, modernizar\u00e1 servicios y educar\u00e1...<\/p><a href=\"https:\/\/banderillaver.com\/index.php\/2026\/04\/30\/noticias\/\" class=\"eael-post-elements-readmore-btn\"target=\"_blank\">Leer m\u00e1s<\/a><\/div>\n                            <\/div><div class=\"eael-entry-header-after style-two\"><div class=\"eael-entry-meta\"><\/div><\/div><\/div><\/div>\n    <\/div>\n<\/article><\/div>\n            <div class=\"clearfix\"><\/div>\n        <\/div>            <div class=\"eael-load-more-button-wrap eael-force-hide\">\n                <button class=\"eael-load-more-button\" id=\"eael-load-more-btn-22e4f87\" data-widget-id=\"22e4f87\" data-widget=\"22e4f87\" data-page-id=\"838\" data-template=\"{&quot;dir&quot;:&quot;lite&quot;,&quot;file_name&quot;:&quot;two.php&quot;,&quot;name&quot;:&quot;Post-Grid&quot;}\" data-class=\"Essential_Addons_Elementor\\Elements\\Post_Grid\" data-layout=\"grid\" data-page=\"1\" data-args=\"orderby=date&amp;order=desc&amp;ignore_sticky_posts=1&amp;post_status=publish&amp;posts_per_page=6&amp;offset=0&amp;post_type=post\" data-max-page=\"5\">\n                    <span class=\"eael-btn-loader button__loader\"><\/span>\n                    <span class=\"eael_load_more_text\">Cargar m\u00e1s<\/span>\n                <\/button>\n            <\/div>\n            \t\t\t\t<\/div>\n\t\t\t\t<\/div>\n\t\t\t\t\t<\/div>\n\t\t\t\t<\/div>\n\t\t\t\t<\/div>\n\t\t","protected":false},"excerpt":{"rendered":"<p>Noticias Consulta las \u00faltimas noticias, avisos y actividades del Ayuntamiento. Noticias 6 Difusi\u00f3n del Premio Nacional de Contralor\u00eda Social 2026 En seguimiento&#8230; Leer m\u00e1s Noticias 5 El H. Ayuntamiento de Banderilla particip\u00f3 en la \u201cReuni\u00f3n para&#8230; Leer m\u00e1s Noticias 4 Anuncia alcalde de banderilla impulso de la expresi\u00f3n oral en&#8230; Leer m\u00e1s Noticias 3 Convocatoria [&hellip;]<\/p>\n","protected":false},"author":1,"featured_media":0,"parent":0,"menu_order":0,"comment_status":"closed","ping_status":"closed","template":"elementor_header_footer","meta":{"footnotes":""},"class_list":["post-838","page","type-page","status-publish","hentry"],"yoast_head":"<!-- This site is optimized with the Yoast SEO plugin v27.5 - https:\/\/yoast.com\/product\/yoast-seo-wordpress\/ -->\n<title>Noticias - Ayuntamiento Banderilla<\/title>\n<meta name=\"robots\" content=\"index, follow, max-snippet:-1, max-image-preview:large, max-video-preview:-1\" \/>\n<link rel=\"canonical\" href=\"https:\/\/banderillaver.com\/index.php\/noticias\/\" \/>\n<meta property=\"og:locale\" content=\"es_ES\" \/>\n<meta property=\"og:type\" content=\"article\" \/>\n<meta property=\"og:title\" content=\"Noticias - Ayuntamiento Banderilla\" \/>\n<meta property=\"og:description\" content=\"Noticias Consulta las \u00faltimas noticias, avisos y actividades del Ayuntamiento. Noticias 6 Difusi\u00f3n del Premio Nacional de Contralor\u00eda Social 2026 En seguimiento&#8230; Leer m\u00e1s Noticias 5 El H. Ayuntamiento de Banderilla particip\u00f3 en la \u201cReuni\u00f3n para&#8230; Leer m\u00e1s Noticias 4 Anuncia alcalde de banderilla impulso de la expresi\u00f3n oral en&#8230; Leer m\u00e1s Noticias 3 Convocatoria [&hellip;]\" \/>\n<meta property=\"og:url\" content=\"https:\/\/banderillaver.com\/index.php\/noticias\/\" \/>\n<meta property=\"og:site_name\" content=\"Ayuntamiento Banderilla\" \/>\n<meta property=\"article:publisher\" content=\"https:\/\/www.facebool.com\/AyuntamientoBanderillaOficial\" \/>\n<meta property=\"article:modified_time\" content=\"2026-05-05T15:39:34+00:00\" \/>\n<meta name=\"twitter:card\" content=\"summary_large_image\" \/>\n<meta name=\"twitter:label1\" content=\"Tiempo de lectura\" \/>\n\t<meta name=\"twitter:data1\" content=\"1 minuto\" \/>\n<script type=\"application\/ld+json\" class=\"yoast-schema-graph\">{\"@context\":\"https:\\\/\\\/schema.org\",\"@graph\":[{\"@type\":\"WebPage\",\"@id\":\"https:\\\/\\\/banderillaver.com\\\/index.php\\\/noticias\\\/\",\"url\":\"https:\\\/\\\/banderillaver.com\\\/index.php\\\/noticias\\\/\",\"name\":\"Noticias - Ayuntamiento Banderilla\",\"isPartOf\":{\"@id\":\"https:\\\/\\\/banderillaver.com\\\/#website\"},\"datePublished\":\"2026-04-30T20:04:05+00:00\",\"dateModified\":\"2026-05-05T15:39:34+00:00\",\"breadcrumb\":{\"@id\":\"https:\\\/\\\/banderillaver.com\\\/index.php\\\/noticias\\\/#breadcrumb\"},\"inLanguage\":\"es\",\"potentialAction\":[{\"@type\":\"ReadAction\",\"target\":[\"https:\\\/\\\/banderillaver.com\\\/index.php\\\/noticias\\\/\"]}]},{\"@type\":\"BreadcrumbList\",\"@id\":\"https:\\\/\\\/banderillaver.com\\\/index.php\\\/noticias\\\/#breadcrumb\",\"itemListElement\":[{\"@type\":\"ListItem\",\"position\":1,\"name\":\"Portada\",\"item\":\"https:\\\/\\\/banderillaver.com\\\/\"},{\"@type\":\"ListItem\",\"position\":2,\"name\":\"Noticias\"}]},{\"@type\":\"WebSite\",\"@id\":\"https:\\\/\\\/banderillaver.com\\\/#website\",\"url\":\"https:\\\/\\\/banderillaver.com\\\/\",\"name\":\"H. Ayuntamiento Banderilla\",\"description\":\"\",\"potentialAction\":[{\"@type\":\"SearchAction\",\"target\":{\"@type\":\"EntryPoint\",\"urlTemplate\":\"https:\\\/\\\/banderillaver.com\\\/?s={search_term_string}\"},\"query-input\":{\"@type\":\"PropertyValueSpecification\",\"valueRequired\":true,\"valueName\":\"search_term_string\"}}],\"inLanguage\":\"es\"}]}<\/script>\n<!-- \/ Yoast SEO plugin. -->","yoast_head_json":{"title":"Noticias - Ayuntamiento Banderilla","robots":{"index":"index","follow":"follow","max-snippet":"max-snippet:-1","max-image-preview":"max-image-preview:large","max-video-preview":"max-video-preview:-1"},"canonical":"https:\/\/banderillaver.com\/index.php\/noticias\/","og_locale":"es_ES","og_type":"article","og_title":"Noticias - Ayuntamiento Banderilla","og_description":"Noticias Consulta las \u00faltimas noticias, avisos y actividades del Ayuntamiento. Noticias 6 Difusi\u00f3n del Premio Nacional de Contralor\u00eda Social 2026 En seguimiento&#8230; Leer m\u00e1s Noticias 5 El H. Ayuntamiento de Banderilla particip\u00f3 en la \u201cReuni\u00f3n para&#8230; Leer m\u00e1s Noticias 4 Anuncia alcalde de banderilla impulso de la expresi\u00f3n oral en&#8230; Leer m\u00e1s Noticias 3 Convocatoria [&hellip;]","og_url":"https:\/\/banderillaver.com\/index.php\/noticias\/","og_site_name":"Ayuntamiento Banderilla","article_publisher":"https:\/\/www.facebool.com\/AyuntamientoBanderillaOficial","article_modified_time":"2026-05-05T15:39:34+00:00","twitter_card":"summary_large_image","twitter_misc":{"Tiempo de lectura":"1 minuto"},"schema":{"@context":"https:\/\/schema.org","@graph":[{"@type":"WebPage","@id":"https:\/\/banderillaver.com\/index.php\/noticias\/","url":"https:\/\/banderillaver.com\/index.php\/noticias\/","name":"Noticias - Ayuntamiento Banderilla","isPartOf":{"@id":"https:\/\/banderillaver.com\/#website"},"datePublished":"2026-04-30T20:04:05+00:00","dateModified":"2026-05-05T15:39:34+00:00","breadcrumb":{"@id":"https:\/\/banderillaver.com\/index.php\/noticias\/#breadcrumb"},"inLanguage":"es","potentialAction":[{"@type":"ReadAction","target":["https:\/\/banderillaver.com\/index.php\/noticias\/"]}]},{"@type":"BreadcrumbList","@id":"https:\/\/banderillaver.com\/index.php\/noticias\/#breadcrumb","itemListElement":[{"@type":"ListItem","position":1,"name":"Portada","item":"https:\/\/banderillaver.com\/"},{"@type":"ListItem","position":2,"name":"Noticias"}]},{"@type":"WebSite","@id":"https:\/\/banderillaver.com\/#website","url":"https:\/\/banderillaver.com\/","name":"H. Ayuntamiento Banderilla","description":"","potentialAction":[{"@type":"SearchAction","target":{"@type":"EntryPoint","urlTemplate":"https:\/\/banderillaver.com\/?s={search_term_string}"},"query-input":{"@type":"PropertyValueSpecification","valueRequired":true,"valueName":"search_term_string"}}],"inLanguage":"es"}]}},"_links":{"self":[{"href":"https:\/\/banderillaver.com\/index.php\/wp-json\/wp\/v2\/pages\/838","targetHints":{"allow":["GET"]}}],"collection":[{"href":"https:\/\/banderillaver.com\/index.php\/wp-json\/wp\/v2\/pages"}],"about":[{"href":"https:\/\/banderillaver.com\/index.php\/wp-json\/wp\/v2\/types\/page"}],"author":[{"embeddable":true,"href":"https:\/\/banderillaver.com\/index.php\/wp-json\/wp\/v2\/users\/1"}],"replies":[{"embeddable":true,"href":"https:\/\/banderillaver.com\/index.php\/wp-json\/wp\/v2\/comments?post=838"}],"version-history":[{"count":16,"href":"https:\/\/banderillaver.com\/index.php\/wp-json\/wp\/v2\/pages\/838\/revisions"}],"predecessor-version":[{"id":945,"href":"https:\/\/banderillaver.com\/index.php\/wp-json\/wp\/v2\/pages\/838\/revisions\/945"}],"wp:attachment":[{"href":"https:\/\/banderillaver.com\/index.php\/wp-json\/wp\/v2\/media?parent=838"}],"curies":[{"name":"wp","href":"https:\/\/api.w.org\/{rel}","templated":true}]}}